{"id":1533,"date":"2023-09-18T09:02:33","date_gmt":"2023-09-18T07:02:33","guid":{"rendered":"https:\/\/imprentavarela.com\/contact\/"},"modified":"2025-09-09T10:13:40","modified_gmt":"2025-09-09T08:13:40","slug":"contact","status":"publish","type":"page","link":"https:\/\/imprentavarela.com\/fr\/contact\/","title":{"rendered":"Contact"},"content":{"rendered":"<p>[et_pb_section fb_built=\u00a0\u00bb1&Prime; _builder_version=\u00a0\u00bb4.23.1&Prime; _module_preset=\u00a0\u00bbdefault\u00a0\u00bb use_background_color_gradient=\u00a0\u00bbon\u00a0\u00bb background_color_gradient_direction=\u00a0\u00bb179deg\u00a0\u00bb background_color_gradient_stops=\u00a0\u00bb#ffffff 0%|#ffffff 1%|rgba(102,102,102,0.5) 72%\u00a0\u00bb background_image=\u00a0\u00bbhttps:\/\/imprentavarela.com\/wp-content\/uploads\/2023\/10\/calidad-en-impresion-grafica.jpg\u00a0\u00bb background_position=\u00a0\u00bbcenter_right\u00a0\u00bb background_blend=\u00a0\u00bbmultiply\u00a0\u00bb height=\u00a0\u00bb500px\u00a0\u00bb locked=\u00a0\u00bboff\u00a0\u00bb global_colors_info=\u00a0\u00bb{}\u00a0\u00bb][et_pb_row _builder_version=\u00a0\u00bb4.22.1&Prime; _module_preset=\u00a0\u00bbdefault\u00a0\u00bb global_colors_info=\u00a0\u00bb{}\u00a0\u00bb][et_pb_column type=\u00a0\u00bb4_4&Prime; _builder_version=\u00a0\u00bb4.22.1&Prime; _module_preset=\u00a0\u00bbdefault\u00a0\u00bb global_colors_info=\u00a0\u00bb{}\u00a0\u00bb][et_pb_text _builder_version=\u00a0\u00bb4.22.1&Prime; _module_preset=\u00a0\u00bbdefault\u00a0\u00bb header_2_font=\u00a0\u00bb|800|||||||\u00a0\u00bb header_2_text_align=\u00a0\u00bbcenter\u00a0\u00bb header_2_text_color=\u00a0\u00bb#FFFFFF\u00a0\u00bb custom_margin=\u00a0\u00bb||0px|||\u00a0\u00bb custom_padding=\u00a0\u00bb20%||||false|false\u00a0\u00bb header_2_text_shadow_style=\u00a0\u00bbpreset2&Prime; global_colors_info=\u00a0\u00bb{}\u00a0\u00bb]<\/p>\n<h2>IMPRIMERIE VARELA<\/h2>\n<p>[\/et_pb_text][et_pb_text _builder_version=\u00a0\u00bb4.22.1&Prime; _module_preset=\u00a0\u00bbdefault\u00a0\u00bb header_font=\u00a0\u00bb|800|||||||\u00a0\u00bb header_text_align=\u00a0\u00bbcenter\u00a0\u00bb header_text_color=\u00a0\u00bb#FFFFFF\u00a0\u00bb header_font_size=\u00a0\u00bb45px\u00a0\u00bb text_orientation=\u00a0\u00bbcenter\u00a0\u00bb custom_padding=\u00a0\u00bb||||false|false\u00a0\u00bb header_text_shadow_style=\u00a0\u00bbpreset2&Prime; global_colors_info=\u00a0\u00bb{}\u00a0\u00bb]<\/p>\n<h1>CONTACT<\/h1>\n<p>[\/et_pb_text][\/et_pb_column][\/et_pb_row][\/et_pb_section][et_pb_section fb_built=\u00a0\u00bb1&Prime; _builder_version=\u00a0\u00bb4.22.1&Prime; _module_preset=\u00a0\u00bbdefault\u00a0\u00bb global_colors_info=\u00a0\u00bb{}\u00a0\u00bb][et_pb_row column_structure=\u00a0\u00bb1_2,1_2&Prime; _builder_version=\u00a0\u00bb4.22.1&Prime; _module_preset=\u00a0\u00bbdefault\u00a0\u00bb global_colors_info=\u00a0\u00bb{}\u00a0\u00bb][et_pb_column type=\u00a0\u00bb1_2&Prime; _builder_version=\u00a0\u00bb4.22.1&Prime; _module_preset=\u00a0\u00bbdefault\u00a0\u00bb global_colors_info=\u00a0\u00bb{}\u00a0\u00bb][et_pb_text _builder_version=\u00a0\u00bb4.22.1&Prime; _module_preset=\u00a0\u00bbdefault\u00a0\u00bb header_font=\u00a0\u00bb|300|||||||\u00a0\u00bb header_2_font=\u00a0\u00bb|300|||||||\u00a0\u00bb header_2_text_color=\u00a0\u00bb#FFFFFF\u00a0\u00bb background_color=\u00a0\u00bb#08529A\u00a0\u00bb custom_padding=\u00a0\u00bb10px|||10px|false|false\u00a0\u00bb global_colors_info=\u00a0\u00bb{}\u00a0\u00bb]<\/p>\n<h2>O\u00d9 NOUS TROUVER<\/h2>\n<p>[\/et_pb_text][et_pb_blurb title=\u00a0\u00bbPol\u00edgono Industrial Egiburuberri 13 O-C 20100 Errenteria &#8211; Espagne\u00a0\u00bb use_icon=\u00a0\u00bbon\u00a0\u00bb font_icon=\u00a0\u00bb&#xf5a0;||fa||900&Prime; icon_color=\u00a0\u00bb#08529A\u00a0\u00bb icon_placement=\u00a0\u00bbleft\u00a0\u00bb _builder_version=\u00a0\u00bb4.23&Prime; _module_preset=\u00a0\u00bbdefault\u00a0\u00bb header_text_color=\u00a0\u00bb#08529A\u00a0\u00bb header_line_height=\u00a0\u00bb1.2em\u00a0\u00bb body_font=\u00a0\u00bb|300|||||||\u00a0\u00bb body_text_color=\u00a0\u00bb#08529A\u00a0\u00bb body_line_height=\u00a0\u00bb1em\u00a0\u00bb custom_margin=\u00a0\u00bb||31px||false|false\u00a0\u00bb global_colors_info=\u00a0\u00bb{}\u00a0\u00bb][\/et_pb_blurb][et_pb_text _builder_version=\u00a0\u00bb4.23&Prime; _module_preset=\u00a0\u00bbdefault\u00a0\u00bb text_font=\u00a0\u00bb|300|||||||\u00a0\u00bb text_text_color=\u00a0\u00bb#08529A\u00a0\u00bb global_colors_info=\u00a0\u00bb{}\u00a0\u00bb]<\/p>\n<p>Nous sommes install\u00e9s \u00e0 Errenteria, une commune du Pays basque situ\u00e9e dans la zone orientale de la contr\u00e9e de Donostialdea (Guip\u00fazcoa), tout pr\u00e8s de la fronti\u00e8re avec la France. La localit\u00e9 est travers\u00e9e par l\u2019autoroute du Nord, l\u2019AP-1, qui rejoint l\u2019autoroute AP-8 en direction de la France ; notre localisation est parfaite pour assurer d\u2019excellentes communications et le transport de marchandises.<\/p>\n<p>[\/et_pb_text][et_pb_text _builder_version=\u00a0\u00bb4.22.1&Prime; _module_preset=\u00a0\u00bbdefault\u00a0\u00bb global_colors_info=\u00a0\u00bb{}\u00a0\u00bb]<iframe src=\"https:\/\/www.google.com\/maps\/embed?pb=!1m14!1m8!1m3!1d11615.260244470433!2d-1.8952746!3d43.2971945!3m2!1i1024!2i768!4f13.1!3m3!1m2!1s0xd51a9806bb0ebf7%3A0xbe48de4690dbd8e0!2sVARELA%20IMPRESION%20GRAFICA%20S.L.!5e0!3m2!1ses!2ses!4v1697549070294!5m2!1ses!2ses\" width=\"600\" height=\"450\" style=\"border:0;\" allowfullscreen=\"\" loading=\"lazy\" referrerpolicy=\"no-referrer-when-downgrade\"><\/iframe>[\/et_pb_text][\/et_pb_column][et_pb_column type=\u00a0\u00bb1_2&Prime; _builder_version=\u00a0\u00bb4.22.1&Prime; _module_preset=\u00a0\u00bbdefault\u00a0\u00bb global_colors_info=\u00a0\u00bb{}\u00a0\u00bb][et_pb_text _builder_version=\u00a0\u00bb4.22.1&Prime; _module_preset=\u00a0\u00bbdefault\u00a0\u00bb header_font=\u00a0\u00bb|300|||||||\u00a0\u00bb header_2_font=\u00a0\u00bb|300|||||||\u00a0\u00bb header_2_text_color=\u00a0\u00bb#FFFFFF\u00a0\u00bb background_color=\u00a0\u00bb#08529A\u00a0\u00bb custom_padding=\u00a0\u00bb10px|||10px|false|false\u00a0\u00bb global_colors_info=\u00a0\u00bb{}\u00a0\u00bb]<\/p>\n<h2>CONTACTEZ-NOUS<\/h2>\n<p>[\/et_pb_text][et_pb_blurb title=\u00a0\u00bb+34 943 458 925&Prime; use_icon=\u00a0\u00bbon\u00a0\u00bb font_icon=\u00a0\u00bb&#xf098;||fa||900&Prime; icon_color=\u00a0\u00bb#08529A\u00a0\u00bb icon_placement=\u00a0\u00bbleft\u00a0\u00bb _builder_version=\u00a0\u00bb4.23&Prime; _module_preset=\u00a0\u00bbdefault\u00a0\u00bb header_text_color=\u00a0\u00bb#08529A\u00a0\u00bb header_line_height=\u00a0\u00bb2.6em\u00a0\u00bb body_font=\u00a0\u00bb|300|||||||\u00a0\u00bb body_text_color=\u00a0\u00bb#08529A\u00a0\u00bb custom_margin=\u00a0\u00bb||10px||false|false\u00a0\u00bb global_colors_info=\u00a0\u00bb{}\u00a0\u00bb][\/et_pb_blurb][et_pb_blurb title=\u00a0\u00bbVARELA@IMPRENTAVARELA.COM\u00a0\u00bb use_icon=\u00a0\u00bbon\u00a0\u00bb font_icon=\u00a0\u00bb&#xf0e0;||fa||900&Prime; icon_color=\u00a0\u00bb#08529A\u00a0\u00bb icon_placement=\u00a0\u00bbleft\u00a0\u00bb _builder_version=\u00a0\u00bb4.27.4&Prime; _module_preset=\u00a0\u00bbdefault\u00a0\u00bb header_text_color=\u00a0\u00bb#08529A\u00a0\u00bb header_line_height=\u00a0\u00bb2.6em\u00a0\u00bb body_font=\u00a0\u00bb|300|||||||\u00a0\u00bb body_text_color=\u00a0\u00bb#08529A\u00a0\u00bb body_line_height=\u00a0\u00bb1em\u00a0\u00bb hover_enabled=\u00a0\u00bb0&Prime; global_colors_info=\u00a0\u00bb{}\u00a0\u00bb sticky_enabled=\u00a0\u00bb0&Prime;][\/et_pb_blurb][et_pb_contact_form captcha=\u00a0\u00bboff\u00a0\u00bb email=\u00a0\u00bbvarela@imprentavarela.com\u00a0\u00bb title=\u00a0\u00bbENVOYEZ UN MESSAGE\u00a0\u00bb success_message=\u00a0\u00bbMerci pour votre message, nous vous r\u00e9pondrons d\u00e8s que possible.\u00a0\u00bb submit_button_text=\u00a0\u00bbEnvoyez\u00a0\u00bb _builder_version=\u00a0\u00bb4.23.4&Prime; _module_preset=\u00a0\u00bbdefault\u00a0\u00bb _unique_id=\u00a0\u00bb6d3cb1e7-0c6b-4d42-8ed5-71776024c9da\u00a0\u00bb form_field_background_color=\u00a0\u00bb#FFFFFF\u00a0\u00bb form_field_text_color=\u00a0\u00bb#08529A\u00a0\u00bb title_text_color=\u00a0\u00bb#08529A\u00a0\u00bb custom_button=\u00a0\u00bbon\u00a0\u00bb button_text_size=\u00a0\u00bb15px\u00a0\u00bb button_border_width=\u00a0\u00bb1px\u00a0\u00bb button_font=\u00a0\u00bb|300||on|||||\u00a0\u00bb custom_margin=\u00a0\u00bb59px|||||\u00a0\u00bb border_radii=\u00a0\u00bbon|1px|1px|1px|1px\u00a0\u00bb border_width_all=\u00a0\u00bb1px\u00a0\u00bb border_color_all=\u00a0\u00bb#08529A\u00a0\u00bb global_colors_info=\u00a0\u00bb{}\u00a0\u00bb][et_pb_contact_field field_id=\u00a0\u00bbName\u00a0\u00bb field_title=\u00a0\u00bbPr\u00e9nom et Nom\u00a0\u00bb fullwidth_field=\u00a0\u00bbon\u00a0\u00bb _builder_version=\u00a0\u00bb4.22.1&Prime; global_colors_info=\u00a0\u00bb{}\u00a0\u00bb button_text_size__hover_enabled=\u00a0\u00bboff\u00a0\u00bb button_one_text_size__hover_enabled=\u00a0\u00bboff\u00a0\u00bb button_two_text_size__hover_enabled=\u00a0\u00bboff\u00a0\u00bb button_text_color__hover_enabled=\u00a0\u00bboff\u00a0\u00bb button_one_text_color__hover_enabled=\u00a0\u00bboff\u00a0\u00bb button_two_text_color__hover_enabled=\u00a0\u00bboff\u00a0\u00bb button_border_width__hover_enabled=\u00a0\u00bboff\u00a0\u00bb button_one_border_width__hover_enabled=\u00a0\u00bboff\u00a0\u00bb button_two_border_width__hover_enabled=\u00a0\u00bboff\u00a0\u00bb button_border_color__hover_enabled=\u00a0\u00bboff\u00a0\u00bb button_one_border_color__hover_enabled=\u00a0\u00bboff\u00a0\u00bb button_two_border_color__hover_enabled=\u00a0\u00bboff\u00a0\u00bb button_border_radius__hover_enabled=\u00a0\u00bboff\u00a0\u00bb button_one_border_radius__hover_enabled=\u00a0\u00bboff\u00a0\u00bb button_two_border_radius__hover_enabled=\u00a0\u00bboff\u00a0\u00bb button_letter_spacing__hover_enabled=\u00a0\u00bboff\u00a0\u00bb button_one_letter_spacing__hover_enabled=\u00a0\u00bboff\u00a0\u00bb button_two_letter_spacing__hover_enabled=\u00a0\u00bboff\u00a0\u00bb button_bg_color__hover_enabled=\u00a0\u00bboff\u00a0\u00bb button_one_bg_color__hover_enabled=\u00a0\u00bboff\u00a0\u00bb button_two_bg_color__hover_enabled=\u00a0\u00bboff\u00a0\u00bb][\/et_pb_contact_field][et_pb_contact_field field_id=\u00a0\u00bbtelefono\u00a0\u00bb field_title=\u00a0\u00bbT\u00e9l\u00e9phone\u00a0\u00bb fullwidth_field=\u00a0\u00bbon\u00a0\u00bb _builder_version=\u00a0\u00bb4.22.1&Prime; _module_preset=\u00a0\u00bbdefault\u00a0\u00bb global_colors_info=\u00a0\u00bb{}\u00a0\u00bb][\/et_pb_contact_field][et_pb_contact_field field_id=\u00a0\u00bbEmail\u00a0\u00bb field_title=\u00a0\u00bbAdresse de courrier \u00e9lectronique\u00a0\u00bb field_type=\u00a0\u00bbemail\u00a0\u00bb fullwidth_field=\u00a0\u00bbon\u00a0\u00bb _builder_version=\u00a0\u00bb4.22.1&Prime; global_colors_info=\u00a0\u00bb{}\u00a0\u00bb button_text_size__hover_enabled=\u00a0\u00bboff\u00a0\u00bb button_one_text_size__hover_enabled=\u00a0\u00bboff\u00a0\u00bb button_two_text_size__hover_enabled=\u00a0\u00bboff\u00a0\u00bb button_text_color__hover_enabled=\u00a0\u00bboff\u00a0\u00bb button_one_text_color__hover_enabled=\u00a0\u00bboff\u00a0\u00bb button_two_text_color__hover_enabled=\u00a0\u00bboff\u00a0\u00bb button_border_width__hover_enabled=\u00a0\u00bboff\u00a0\u00bb button_one_border_width__hover_enabled=\u00a0\u00bboff\u00a0\u00bb button_two_border_width__hover_enabled=\u00a0\u00bboff\u00a0\u00bb button_border_color__hover_enabled=\u00a0\u00bboff\u00a0\u00bb button_one_border_color__hover_enabled=\u00a0\u00bboff\u00a0\u00bb button_two_border_color__hover_enabled=\u00a0\u00bboff\u00a0\u00bb button_border_radius__hover_enabled=\u00a0\u00bboff\u00a0\u00bb button_one_border_radius__hover_enabled=\u00a0\u00bboff\u00a0\u00bb button_two_border_radius__hover_enabled=\u00a0\u00bboff\u00a0\u00bb button_letter_spacing__hover_enabled=\u00a0\u00bboff\u00a0\u00bb button_one_letter_spacing__hover_enabled=\u00a0\u00bboff\u00a0\u00bb button_two_letter_spacing__hover_enabled=\u00a0\u00bboff\u00a0\u00bb button_bg_color__hover_enabled=\u00a0\u00bboff\u00a0\u00bb button_one_bg_color__hover_enabled=\u00a0\u00bboff\u00a0\u00bb button_two_bg_color__hover_enabled=\u00a0\u00bboff\u00a0\u00bb][\/et_pb_contact_field][et_pb_contact_field field_id=\u00a0\u00bbMessage\u00a0\u00bb field_title=\u00a0\u00bbEn quoi pouvons-nous vous aider ?\u00a0\u00bb field_type=\u00a0\u00bbtext\u00a0\u00bb fullwidth_field=\u00a0\u00bbon\u00a0\u00bb _builder_version=\u00a0\u00bb4.22.1&Prime; global_colors_info=\u00a0\u00bb{}\u00a0\u00bb button_text_size__hover_enabled=\u00a0\u00bboff\u00a0\u00bb button_one_text_size__hover_enabled=\u00a0\u00bboff\u00a0\u00bb button_two_text_size__hover_enabled=\u00a0\u00bboff\u00a0\u00bb button_text_color__hover_enabled=\u00a0\u00bboff\u00a0\u00bb button_one_text_color__hover_enabled=\u00a0\u00bboff\u00a0\u00bb button_two_text_color__hover_enabled=\u00a0\u00bboff\u00a0\u00bb button_border_width__hover_enabled=\u00a0\u00bboff\u00a0\u00bb button_one_border_width__hover_enabled=\u00a0\u00bboff\u00a0\u00bb button_two_border_width__hover_enabled=\u00a0\u00bboff\u00a0\u00bb button_border_color__hover_enabled=\u00a0\u00bboff\u00a0\u00bb button_one_border_color__hover_enabled=\u00a0\u00bboff\u00a0\u00bb button_two_border_color__hover_enabled=\u00a0\u00bboff\u00a0\u00bb button_border_radius__hover_enabled=\u00a0\u00bboff\u00a0\u00bb button_one_border_radius__hover_enabled=\u00a0\u00bboff\u00a0\u00bb button_two_border_radius__hover_enabled=\u00a0\u00bboff\u00a0\u00bb button_letter_spacing__hover_enabled=\u00a0\u00bboff\u00a0\u00bb button_one_letter_spacing__hover_enabled=\u00a0\u00bboff\u00a0\u00bb button_two_letter_spacing__hover_enabled=\u00a0\u00bboff\u00a0\u00bb button_bg_color__hover_enabled=\u00a0\u00bboff\u00a0\u00bb button_one_bg_color__hover_enabled=\u00a0\u00bboff\u00a0\u00bb button_two_bg_color__hover_enabled=\u00a0\u00bboff\u00a0\u00bb][\/et_pb_contact_field][et_pb_contact_field field_id=\u00a0\u00bbaceptacion\u00a0\u00bb field_title=\u00a0\u00bbacceptation\u00a0\u00bb field_type=\u00a0\u00bbcheckbox\u00a0\u00bb checkbox_options=\u00a0\u00bb%91{%22value%22:%22J\u2019ai lu et j\u2019accepte la politique de confidentialit\u00e9%22,%22checked%22:0,%22dragID%22:-1}%93&Prime; fullwidth_field=\u00a0\u00bbon\u00a0\u00bb _builder_version=\u00a0\u00bb4.22.1&Prime; _module_preset=\u00a0\u00bbdefault\u00a0\u00bb global_colors_info=\u00a0\u00bb{}\u00a0\u00bb][\/et_pb_contact_field][\/et_pb_contact_form][\/et_pb_column][\/et_pb_row][\/et_pb_section]<\/p>\n","protected":false},"excerpt":{"rendered":"<p>IMPRIMERIE VARELACONTACTO\u00d9 NOUS TROUVERNous sommes install\u00e9s \u00e0 Errenteria, une commune du Pays basque situ\u00e9e dans la zone orientale de la contr\u00e9e de Donostialdea (Guip\u00fazcoa), tout pr\u00e8s de la fronti\u00e8re avec la France. La localit\u00e9 est travers\u00e9e par l\u2019autoroute du Nord, l\u2019AP-1, qui rejoint l\u2019autoroute AP-8 en direction de la France ; notre localisation est parfaite [&hellip;]<\/p>\n","protected":false},"author":2,"featured_media":0,"parent":0,"menu_order":0,"comment_status":"closed","ping_status":"closed","template":"","meta":{"_et_pb_use_builder":"on","_et_pb_old_content":"","_et_gb_content_width":"","footnotes":""},"class_list":["post-1533","page","type-page","status-publish","hentry"],"yoast_head":"<!-- This site is optimized with the Yoast SEO plugin v27.2 - https:\/\/yoast.com\/product\/yoast-seo-wordpress\/ -->\n<title>Contact - Varela Impresi\u00f3n Gr\u00e1fica<\/title>\n<meta name=\"robots\" content=\"index, follow, max-snippet:-1, max-image-preview:large, max-video-preview:-1\" \/>\n<link rel=\"canonical\" href=\"https:\/\/imprentavarela.com\/fr\/contact\/\" \/>\n<meta property=\"og:locale\" content=\"fr_FR\" \/>\n<meta property=\"og:type\" content=\"article\" \/>\n<meta property=\"og:title\" content=\"Contact - Varela Impresi\u00f3n Gr\u00e1fica\" \/>\n<meta property=\"og:description\" content=\"IMPRIMERIE VARELACONTACTO\u00d9 NOUS TROUVERNous sommes install\u00e9s \u00e0 Errenteria, une commune du Pays basque situ\u00e9e dans la zone orientale de la contr\u00e9e de Donostialdea (Guip\u00fazcoa), tout pr\u00e8s de la fronti\u00e8re avec la France. La localit\u00e9 est travers\u00e9e par l\u2019autoroute du Nord, l\u2019AP-1, qui rejoint l\u2019autoroute AP-8 en direction de la France ; notre localisation est parfaite [&hellip;]\" \/>\n<meta property=\"og:url\" content=\"https:\/\/imprentavarela.com\/fr\/contact\/\" \/>\n<meta property=\"og:site_name\" content=\"Varela Impresi\u00f3n Gr\u00e1fica\" \/>\n<meta property=\"article:modified_time\" content=\"2025-09-09T08:13:40+00:00\" \/>\n<meta property=\"og:image\" content=\"https:\/\/imprentavarela.com\/wp-content\/uploads\/2023\/10\/cropped-Diseno-sin-titulo.png\" \/>\n\t<meta property=\"og:image:width\" content=\"512\" \/>\n\t<meta property=\"og:image:height\" content=\"512\" \/>\n\t<meta property=\"og:image:type\" content=\"image\/png\" \/>\n<meta name=\"twitter:card\" content=\"summary_large_image\" \/>\n<meta name=\"twitter:label1\" content=\"Dur\u00e9e de lecture estim\u00e9e\" \/>\n\t<meta name=\"twitter:data1\" content=\"6 minutes\" \/>\n<script type=\"application\/ld+json\" class=\"yoast-schema-graph\">{\"@context\":\"https:\/\/schema.org\",\"@graph\":[{\"@type\":\"WebPage\",\"@id\":\"https:\/\/imprentavarela.com\/fr\/contact\/\",\"url\":\"https:\/\/imprentavarela.com\/fr\/contact\/\",\"name\":\"Contact - Varela Impresi\u00f3n Gr\u00e1fica\",\"isPartOf\":{\"@id\":\"https:\/\/imprentavarela.com\/fr\/#website\"},\"datePublished\":\"2023-09-18T07:02:33+00:00\",\"dateModified\":\"2025-09-09T08:13:40+00:00\",\"breadcrumb\":{\"@id\":\"https:\/\/imprentavarela.com\/fr\/contact\/#breadcrumb\"},\"inLanguage\":\"fr-FR\",\"potentialAction\":[{\"@type\":\"ReadAction\",\"target\":[\"https:\/\/imprentavarela.com\/fr\/contact\/\"]}]},{\"@type\":\"BreadcrumbList\",\"@id\":\"https:\/\/imprentavarela.com\/fr\/contact\/#breadcrumb\",\"itemListElement\":[{\"@type\":\"ListItem\",\"position\":1,\"name\":\"Portada\",\"item\":\"https:\/\/imprentavarela.com\/fr\/\"},{\"@type\":\"ListItem\",\"position\":2,\"name\":\"Contact\"}]},{\"@type\":\"WebSite\",\"@id\":\"https:\/\/imprentavarela.com\/fr\/#website\",\"url\":\"https:\/\/imprentavarela.com\/fr\/\",\"name\":\"Varela Impresi\u00f3n Gr\u00e1fica\",\"description\":\"Imprenta situada en Gipuzkoa\",\"publisher\":{\"@id\":\"https:\/\/imprentavarela.com\/fr\/#organization\"},\"alternateName\":\"Imprenta Varela\",\"potentialAction\":[{\"@type\":\"SearchAction\",\"target\":{\"@type\":\"EntryPoint\",\"urlTemplate\":\"https:\/\/imprentavarela.com\/fr\/?s={search_term_string}\"},\"query-input\":{\"@type\":\"PropertyValueSpecification\",\"valueRequired\":true,\"valueName\":\"search_term_string\"}}],\"inLanguage\":\"fr-FR\"},{\"@type\":\"Organization\",\"@id\":\"https:\/\/imprentavarela.com\/fr\/#organization\",\"name\":\"Imprenta Varela\",\"alternateName\":\"Imprenta Varela\",\"url\":\"https:\/\/imprentavarela.com\/fr\/\",\"logo\":{\"@type\":\"ImageObject\",\"inLanguage\":\"fr-FR\",\"@id\":\"https:\/\/imprentavarela.com\/fr\/#\/schema\/logo\/image\/\",\"url\":\"https:\/\/imprentavarela.com\/wp-content\/uploads\/2023\/10\/cropped-Diseno-sin-titulo.png\",\"contentUrl\":\"https:\/\/imprentavarela.com\/wp-content\/uploads\/2023\/10\/cropped-Diseno-sin-titulo.png\",\"width\":512,\"height\":512,\"caption\":\"Imprenta Varela\"},\"image\":{\"@id\":\"https:\/\/imprentavarela.com\/fr\/#\/schema\/logo\/image\/\"}}]}<\/script>\n<!-- \/ Yoast SEO plugin. -->","yoast_head_json":{"title":"Contact - Varela Impresi\u00f3n Gr\u00e1fica","robots":{"index":"index","follow":"follow","max-snippet":"max-snippet:-1","max-image-preview":"max-image-preview:large","max-video-preview":"max-video-preview:-1"},"canonical":"https:\/\/imprentavarela.com\/fr\/contact\/","og_locale":"fr_FR","og_type":"article","og_title":"Contact - Varela Impresi\u00f3n Gr\u00e1fica","og_description":"IMPRIMERIE VARELACONTACTO\u00d9 NOUS TROUVERNous sommes install\u00e9s \u00e0 Errenteria, une commune du Pays basque situ\u00e9e dans la zone orientale de la contr\u00e9e de Donostialdea (Guip\u00fazcoa), tout pr\u00e8s de la fronti\u00e8re avec la France. La localit\u00e9 est travers\u00e9e par l\u2019autoroute du Nord, l\u2019AP-1, qui rejoint l\u2019autoroute AP-8 en direction de la France ; notre localisation est parfaite [&hellip;]","og_url":"https:\/\/imprentavarela.com\/fr\/contact\/","og_site_name":"Varela Impresi\u00f3n Gr\u00e1fica","article_modified_time":"2025-09-09T08:13:40+00:00","og_image":[{"width":512,"height":512,"url":"https:\/\/imprentavarela.com\/wp-content\/uploads\/2023\/10\/cropped-Diseno-sin-titulo.png","type":"image\/png"}],"twitter_card":"summary_large_image","twitter_misc":{"Dur\u00e9e de lecture estim\u00e9e":"6 minutes"},"schema":{"@context":"https:\/\/schema.org","@graph":[{"@type":"WebPage","@id":"https:\/\/imprentavarela.com\/fr\/contact\/","url":"https:\/\/imprentavarela.com\/fr\/contact\/","name":"Contact - Varela Impresi\u00f3n Gr\u00e1fica","isPartOf":{"@id":"https:\/\/imprentavarela.com\/fr\/#website"},"datePublished":"2023-09-18T07:02:33+00:00","dateModified":"2025-09-09T08:13:40+00:00","breadcrumb":{"@id":"https:\/\/imprentavarela.com\/fr\/contact\/#breadcrumb"},"inLanguage":"fr-FR","potentialAction":[{"@type":"ReadAction","target":["https:\/\/imprentavarela.com\/fr\/contact\/"]}]},{"@type":"BreadcrumbList","@id":"https:\/\/imprentavarela.com\/fr\/contact\/#breadcrumb","itemListElement":[{"@type":"ListItem","position":1,"name":"Portada","item":"https:\/\/imprentavarela.com\/fr\/"},{"@type":"ListItem","position":2,"name":"Contact"}]},{"@type":"WebSite","@id":"https:\/\/imprentavarela.com\/fr\/#website","url":"https:\/\/imprentavarela.com\/fr\/","name":"Varela Impresi\u00f3n Gr\u00e1fica","description":"Imprenta situada en Gipuzkoa","publisher":{"@id":"https:\/\/imprentavarela.com\/fr\/#organization"},"alternateName":"Imprenta Varela","potentialAction":[{"@type":"SearchAction","target":{"@type":"EntryPoint","urlTemplate":"https:\/\/imprentavarela.com\/fr\/?s={search_term_string}"},"query-input":{"@type":"PropertyValueSpecification","valueRequired":true,"valueName":"search_term_string"}}],"inLanguage":"fr-FR"},{"@type":"Organization","@id":"https:\/\/imprentavarela.com\/fr\/#organization","name":"Imprenta Varela","alternateName":"Imprenta Varela","url":"https:\/\/imprentavarela.com\/fr\/","logo":{"@type":"ImageObject","inLanguage":"fr-FR","@id":"https:\/\/imprentavarela.com\/fr\/#\/schema\/logo\/image\/","url":"https:\/\/imprentavarela.com\/wp-content\/uploads\/2023\/10\/cropped-Diseno-sin-titulo.png","contentUrl":"https:\/\/imprentavarela.com\/wp-content\/uploads\/2023\/10\/cropped-Diseno-sin-titulo.png","width":512,"height":512,"caption":"Imprenta Varela"},"image":{"@id":"https:\/\/imprentavarela.com\/fr\/#\/schema\/logo\/image\/"}}]}},"_links":{"self":[{"href":"https:\/\/imprentavarela.com\/fr\/wp-json\/wp\/v2\/pages\/1533","targetHints":{"allow":["GET"]}}],"collection":[{"href":"https:\/\/imprentavarela.com\/fr\/wp-json\/wp\/v2\/pages"}],"about":[{"href":"https:\/\/imprentavarela.com\/fr\/wp-json\/wp\/v2\/types\/page"}],"author":[{"embeddable":true,"href":"https:\/\/imprentavarela.com\/fr\/wp-json\/wp\/v2\/users\/2"}],"replies":[{"embeddable":true,"href":"https:\/\/imprentavarela.com\/fr\/wp-json\/wp\/v2\/comments?post=1533"}],"version-history":[{"count":4,"href":"https:\/\/imprentavarela.com\/fr\/wp-json\/wp\/v2\/pages\/1533\/revisions"}],"predecessor-version":[{"id":22968,"href":"https:\/\/imprentavarela.com\/fr\/wp-json\/wp\/v2\/pages\/1533\/revisions\/22968"}],"wp:attachment":[{"href":"https:\/\/imprentavarela.com\/fr\/wp-json\/wp\/v2\/media?parent=1533"}],"curies":[{"name":"wp","href":"https:\/\/api.w.org\/{rel}","templated":true}]}}